{"id":200,"date":"2025-03-06T09:17:49","date_gmt":"2025-03-06T09:17:49","guid":{"rendered":"https:\/\/nutrimax.dev.loudzap.com\/about\/"},"modified":"2025-03-12T14:19:19","modified_gmt":"2025-03-12T14:19:19","slug":"who-we-are","status":"publish","type":"page","link":"https:\/\/nutrimax.dev.loudzap.com\/en\/quem-somos\/","title":{"rendered":"Who we are"},"content":{"rendered":"<div data-elementor-type=\"wp-page\" data-elementor-id=\"200\" class=\"elementor elementor-200\" data-elementor-post-type=\"page\">\n\t\t\t\t<div class=\"elementor-element elementor-element-2d4aeef e-flex e-con-boxed e-con e-parent\" data-id=\"2d4aeef\" data-element_type=\"container\" data-e-type=\"container\">\n\t\t\t\t\t<div class=\"e-con-inner\">\n\t\t<div class=\"elementor-element elementor-element-ebfd1c7 e-con-full e-flex e-con e-child\" data-id=\"ebfd1c7\" data-element_type=\"container\" data-e-type=\"container\">\n\t\t\t\t<div class=\"elementor-element elementor-element-58cdbde elementor-widget elementor-widget-woocommerce-breadcrumb\" data-id=\"58cdbde\" data-element_type=\"widget\" data-e-type=\"widget\" data-widget_type=\"woocommerce-breadcrumb.default\">\n\t\t\t\t<div class=\"elementor-widget-container\">\n\t\t\t\t\t<nav class=\"woocommerce-breadcrumb\" aria-label=\"Breadcrumb\" data-no-translation=\"\" data-trp-gettext=\"\">Home<\/nav>\t\t\t\t<\/div>\n\t\t\t\t<\/div>\n\t\t\t\t<\/div>\n\t\t\t\t<div class=\"elementor-element elementor-element-480656d elementor-widget__width-auto elementor-absolute elementor-view-default elementor-widget elementor-widget-icon\" data-id=\"480656d\" data-element_type=\"widget\" data-e-type=\"widget\" data-settings=\"{&quot;_position&quot;:&quot;absolute&quot;}\" data-widget_type=\"icon.default\">\n\t\t\t\t<div class=\"elementor-widget-container\">\n\t\t\t\t\t\t\t<div class=\"elementor-icon-wrapper\">\n\t\t\t<div class=\"elementor-icon\">\n\t\t\t<svg xmlns=\"http:\/\/www.w3.org\/2000\/svg\" id=\"bd9a937a-60f3-4c44-ad7c-dcb28e2de4ed\" data-name=\"Layer 1\" width=\"1216\" height=\"1216\" viewbox=\"0 0 1216 1216\"><g id=\"a8d78863-61ea-4b6b-9902-1eb669df0752\" data-name=\"Design\"><path id=\"bb8d365d-81e6-4e2d-abba-4e6b80f1088f\" data-name=\"Oval\" d=\"M608,0C272.2109,0,0,272.2109,0,608s272.2109,608,608,608,608-272.2109,608-608S943.7891,0,608,0Zm0,80c291.6063,0,528,236.3936,528,528s-236.3937,528-528,528S80,899.6063,80,608,316.3936,80,608,80Z\"><\/path><\/g><\/svg>\t\t\t<\/div>\n\t\t<\/div>\n\t\t\t\t\t\t<\/div>\n\t\t\t\t<\/div>\n\t\t\t\t\t<\/div>\n\t\t\t\t<\/div>\n\t\t<div class=\"elementor-element elementor-element-506ddc35 e-flex e-con-boxed e-con e-parent\" data-id=\"506ddc35\" data-element_type=\"container\" data-e-type=\"container\">\n\t\t\t\t\t<div class=\"e-con-inner\">\n\t\t<div class=\"elementor-element elementor-element-f9c4594 e-con-full e-flex e-con e-child\" data-id=\"f9c4594\" data-element_type=\"container\" data-e-type=\"container\">\n\t\t\t\t<div class=\"elementor-element elementor-element-3036860d elementor-widget elementor-widget-heading\" data-id=\"3036860d\" data-element_type=\"widget\" data-e-type=\"widget\" data-widget_type=\"heading.default\">\n\t\t\t\t<div class=\"elementor-widget-container\">\n\t\t\t\t\t<h2 class=\"elementor-heading-title elementor-size-default\">Your health and vitality are our priority.<\/h2>\t\t\t\t<\/div>\n\t\t\t\t<\/div>\n\t\t\t\t<div class=\"elementor-element elementor-element-111dc0c1 elementor-widget elementor-widget-text-editor\" data-id=\"111dc0c1\" data-element_type=\"widget\" data-e-type=\"widget\" data-widget_type=\"text-editor.default\">\n\t\t\t\t<div class=\"elementor-widget-container\">\n\t\t\t\t\t\t\t\t\t<p>A <em><strong>Nutrimax<\/strong><\/em> was born out of the search for truly effective food supplements. Frustrated with products that promised much and delivered little, we began a rigorous process of testing and selecting the best supplements available on the market.<\/p><p><em><strong>We're not just another online store<\/strong><\/em> - we are a community dedicated to improving quality of life through top quality supplementation. Our mission is simple: <span style=\"text-decoration: underline;\"><strong>only offer products that we truly believe in.<\/strong><\/span><\/p>\t\t\t\t\t\t\t\t<\/div>\n\t\t\t\t<\/div>\n\t\t\t\t<\/div>\n\t\t<div class=\"elementor-element elementor-element-33719767 e-con-full e-flex e-con e-child\" data-id=\"33719767\" data-element_type=\"container\" data-e-type=\"container\">\n\t\t\t\t<div class=\"elementor-element elementor-element-563aca30 elementor-widget elementor-widget-image\" data-id=\"563aca30\" data-element_type=\"widget\" data-e-type=\"widget\" data-widget_type=\"image.default\">\n\t\t\t\t<div class=\"elementor-widget-container\">\n\t\t\t\t\t\t\t\t\t\t\t\t\t\t\t<img fetchpriority=\"high\" decoding=\"async\" width=\"1920\" height=\"1280\" src=\"https:\/\/nutrimax.dev.loudzap.com\/wp-content\/uploads\/2025\/03\/vitamin-capsules-with-a-natural-herbal-composition-2025-02-14-17-24-03-utc.webp\" class=\"attachment-full size-full wp-image-331\" alt=\"\" srcset=\"https:\/\/nutrimax.dev.loudzap.com\/wp-content\/uploads\/2025\/03\/vitamin-capsules-with-a-natural-herbal-composition-2025-02-14-17-24-03-utc.webp 1920w, https:\/\/nutrimax.dev.loudzap.com\/wp-content\/uploads\/2025\/03\/vitamin-capsules-with-a-natural-herbal-composition-2025-02-14-17-24-03-utc-800x533.webp 800w, https:\/\/nutrimax.dev.loudzap.com\/wp-content\/uploads\/2025\/03\/vitamin-capsules-with-a-natural-herbal-composition-2025-02-14-17-24-03-utc-1200x800.webp 1200w, https:\/\/nutrimax.dev.loudzap.com\/wp-content\/uploads\/2025\/03\/vitamin-capsules-with-a-natural-herbal-composition-2025-02-14-17-24-03-utc-600x400.webp 600w, https:\/\/nutrimax.dev.loudzap.com\/wp-content\/uploads\/2025\/03\/vitamin-capsules-with-a-natural-herbal-composition-2025-02-14-17-24-03-utc-768x512.webp 768w, https:\/\/nutrimax.dev.loudzap.com\/wp-content\/uploads\/2025\/03\/vitamin-capsules-with-a-natural-herbal-composition-2025-02-14-17-24-03-utc-1536x1024.webp 1536w\" sizes=\"(max-width: 1920px) 100vw, 1920px\" \/>\t\t\t\t\t\t\t\t\t\t\t\t\t\t\t<\/div>\n\t\t\t\t<\/div>\n\t\t\t\t<div class=\"elementor-element elementor-element-b5bdcef elementor-widget__width-auto elementor-absolute elementor-view-default elementor-widget elementor-widget-icon\" data-id=\"b5bdcef\" data-element_type=\"widget\" data-e-type=\"widget\" data-settings=\"{&quot;_position&quot;:&quot;absolute&quot;}\" data-widget_type=\"icon.default\">\n\t\t\t\t<div class=\"elementor-widget-container\">\n\t\t\t\t\t\t\t<div class=\"elementor-icon-wrapper\">\n\t\t\t<div class=\"elementor-icon\">\n\t\t\t<svg aria-hidden=\"true\" class=\"e-font-icon-svg e-fas-circle\" viewbox=\"0 0 512 512\" xmlns=\"http:\/\/www.w3.org\/2000\/svg\"><path d=\"M256 8C119 8 8 119 8 256s111 248 248 248 248-111 248-248S393 8 256 8z\"><\/path><\/svg>\t\t\t<\/div>\n\t\t<\/div>\n\t\t\t\t\t\t<\/div>\n\t\t\t\t<\/div>\n\t\t\t\t<\/div>\n\t\t\t\t\t<\/div>\n\t\t\t\t<\/div>\n\t\t<div class=\"elementor-element elementor-element-9bd17d8 e-flex e-con-boxed e-con e-parent\" data-id=\"9bd17d8\" data-element_type=\"container\" data-e-type=\"container\">\n\t\t\t\t\t<div class=\"e-con-inner\">\n\t\t<div class=\"elementor-element elementor-element-e1fc94c e-flex e-con-boxed e-con e-child\" data-id=\"e1fc94c\" data-element_type=\"container\" data-e-type=\"container\">\n\t\t\t\t\t<div class=\"e-con-inner\">\n\t\t\t\t<div class=\"elementor-element elementor-element-042a5df elementor-widget elementor-widget-heading\" data-id=\"042a5df\" data-element_type=\"widget\" data-e-type=\"widget\" data-widget_type=\"heading.default\">\n\t\t\t\t<div class=\"elementor-widget-container\">\n\t\t\t\t\t<h3 class=\"elementor-heading-title elementor-size-default\">We believe in your well-being\n<\/h3>\t\t\t\t<\/div>\n\t\t\t\t<\/div>\n\t\t\t\t<div class=\"elementor-element elementor-element-b632331 elementor-widget elementor-widget-heading\" data-id=\"b632331\" data-element_type=\"widget\" data-e-type=\"widget\" data-widget_type=\"heading.default\">\n\t\t\t\t<div class=\"elementor-widget-container\">\n\t\t\t\t\t<h2 class=\"elementor-heading-title elementor-size-default\">Why choose Nutrimax?<\/h2>\t\t\t\t<\/div>\n\t\t\t\t<\/div>\n\t\t\t\t<div class=\"elementor-element elementor-element-3e7e1b9 elementor-widget elementor-widget-text-editor\" data-id=\"3e7e1b9\" data-element_type=\"widget\" data-e-type=\"widget\" data-widget_type=\"text-editor.default\">\n\t\t\t\t<div class=\"elementor-widget-container\">\n\t\t\t\t\t\t\t\t\t<p>What sets us apart is our commitment to proven efficacy. Every product in our store has been tested by Nutrimax's founder and a select group of people with specific health needs. Only supplements that have shown real and consistent results reach your hands.<\/p>\t\t\t\t\t\t\t\t<\/div>\n\t\t\t\t<\/div>\n\t\t\t\t\t<\/div>\n\t\t\t\t<\/div>\n\t\t<div class=\"elementor-element elementor-element-cbcc496 e-grid e-con-full e-con e-child\" data-id=\"cbcc496\" data-element_type=\"container\" data-e-type=\"container\">\n\t\t\t\t<div class=\"elementor-element elementor-element-89fadbe elementor-view-default elementor-position-block-start elementor-mobile-position-block-start elementor-widget elementor-widget-icon-box\" data-id=\"89fadbe\" data-element_type=\"widget\" data-e-type=\"widget\" data-widget_type=\"icon-box.default\">\n\t\t\t\t<div class=\"elementor-widget-container\">\n\t\t\t\t\t\t\t<div class=\"elementor-icon-box-wrapper\">\n\n\t\t\t\t\t\t<div class=\"elementor-icon-box-icon\">\n\t\t\t\t<span  class=\"elementor-icon\">\n\t\t\t\t<svg xmlns=\"http:\/\/www.w3.org\/2000\/svg\" id=\"bc70da7f-2be2-4207-827f-72f088f91485\" data-name=\"Layer 1\" width=\"55\" height=\"55\" viewbox=\"0 0 55 55\"><circle id=\"f4415204-93a2-412f-b416-8a1fc1389d24\" data-name=\"Oval\" cx=\"27.5\" cy=\"27.5\" r=\"27.5\" style=\"opacity:0.14662852883338928;isolation:isolate\"><\/circle><g id=\"a771a70b-d9d7-4738-bf2f-fb19b83e9cf0\" data-name=\"apple-alt-solid\"><path id=\"b3ea9728-89dc-40f3-b251-2211ec7b4dc7\" data-name=\"Shape\" d=\"M34.5791,20.0547a5.4763,5.4763,0,0,1,3.5669,2.2969,10.129,10.129,0,0,1,1.6719,4.2656,13.3325,13.3325,0,0,1-.0558,4.7031,14.6159,14.6159,0,0,1-2.6752,6.5078A7.27,7.27,0,0,1,31.0675,41a4.2972,4.2972,0,0,1-1.9509-.5469,3.2055,3.2055,0,0,0-3.2332,0A4.2972,4.2972,0,0,1,23.9325,41a7.27,7.27,0,0,1-6.0194-3.1719A14.6159,14.6159,0,0,1,15.2379,31.32a13.3325,13.3325,0,0,1-.0558-4.7031,10.129,10.129,0,0,1,1.6719-4.2656,5.4763,5.4763,0,0,1,3.5669-2.2969,9.4914,9.4914,0,0,1,3.6785.3828,15.64,15.64,0,0,1,3.4,1.3125,15.6434,15.6434,0,0,1,3.4-1.3125A9.4975,9.4975,0,0,1,34.5791,20.0547Zm-3.0658-2.2422a4.7526,4.7526,0,0,1-2.0624,1.0391A6.6356,6.6356,0,0,1,27.5,19.125l-.8359-.0547a6.88,6.88,0,0,1,0-1.75,4.8309,4.8309,0,0,1,1.2818-3.0078,4.7526,4.7526,0,0,1,2.0624-1.0391A6.6356,6.6356,0,0,1,31.9592,13l.8359.0547.0558.82a6.2978,6.2978,0,0,1-.2784,1.9141A4.5922,4.5922,0,0,1,31.5133,17.8125Z\"><\/path><\/g><\/svg>\t\t\t\t<\/span>\n\t\t\t<\/div>\n\t\t\t\n\t\t\t\t\t\t<div class=\"elementor-icon-box-content\">\n\n\t\t\t\t\t\t\t\t\t<h4 class=\"elementor-icon-box-title\">\n\t\t\t\t\t\t<span  >\n\t\t\t\t\t\t\tTried and tested products\t\t\t\t\t\t<\/span>\n\t\t\t\t\t<\/h4>\n\t\t\t\t\n\t\t\t\t\t\t\t\t\t<p class=\"elementor-icon-box-description\">\n\t\t\t\t\t\tSupplements rigorously tested by our founder and real users. We only sell what works, guaranteeing effective results for your well-being.\t\t\t\t\t<\/p>\n\t\t\t\t\n\t\t\t<\/div>\n\t\t\t\n\t\t<\/div>\n\t\t\t\t\t\t<\/div>\n\t\t\t\t<\/div>\n\t\t\t\t<div class=\"elementor-element elementor-element-e3190ed elementor-view-default elementor-position-block-start elementor-mobile-position-block-start elementor-widget elementor-widget-icon-box\" data-id=\"e3190ed\" data-element_type=\"widget\" data-e-type=\"widget\" data-widget_type=\"icon-box.default\">\n\t\t\t\t<div class=\"elementor-widget-container\">\n\t\t\t\t\t\t\t<div class=\"elementor-icon-box-wrapper\">\n\n\t\t\t\t\t\t<div class=\"elementor-icon-box-icon\">\n\t\t\t\t<span  class=\"elementor-icon\">\n\t\t\t\t<svg xmlns=\"http:\/\/www.w3.org\/2000\/svg\" id=\"b22be519-347c-41f4-997b-c5ecc6b13c48\" data-name=\"Layer 1\" width=\"55\" height=\"55\" viewbox=\"0 0 55 55\"><circle id=\"ac87703b-859b-4dcc-bd94-7e4c5ac008c9\" data-name=\"Oval\" cx=\"27.5\" cy=\"27.5\" r=\"27.5\" style=\"opacity:0.14662852883338928;isolation:isolate\"><\/circle><g id=\"b82f72b0-29f7-4a5a-a7fa-a3928d380546\" data-name=\"&#xF21E;\" style=\"isolation:isolate\"><g style=\"isolation:isolate\"><path d=\"M40,24.4111a7.286,7.286,0,0,1-1.3789,4.0176H33.6787l-1.4873-2.96a.8048.8048,0,0,0-.3408-.3614.8525.8525,0,0,0-1.2393.5088L28.8838,31.375l-2.625-9.1875a.8419.8419,0,0,0-.3145-.4424.8711.8711,0,0,0-.5293-.1738.8378.8378,0,0,0-.8169.6426l-1.5537,6.2148h-5.665A7.2829,7.2829,0,0,1,16,24.4111a6.1432,6.1432,0,0,1,1.7007-4.6074,6.4419,6.4419,0,0,1,4.7012-1.6611,5.3583,5.3583,0,0,1,1.6943.2881,6.8628,6.8628,0,0,1,1.6069.7773q.7434.4878,1.2788.917A12.2,12.2,0,0,1,28,21.0361a12.2089,12.2089,0,0,1,1.0176-.9111q.5361-.4278,1.2793-.917a6.8663,6.8663,0,0,1,1.6074-.7773,5.3548,5.3548,0,0,1,1.6934-.2881,6.4416,6.4416,0,0,1,4.7011,1.6611A6.14,6.14,0,0,1,40,24.4111Zm-6.8574,5.7315h4.0849a1.2347,1.2347,0,0,1-.1337.1406c-.045.04-.085.0742-.1211.1006l-.0391.0537L28.59,38.4736a.8435.8435,0,0,1-1.1792,0l-8.3569-8.0625a1.2684,1.2684,0,0,1-.2812-.2685h4.9419a.84.84,0,0,0,.5288-.1807.8013.8013,0,0,0,.3012-.4619l.9375-3.7637L28.0273,34.67a.8454.8454,0,0,0,.3077.4414.8341.8341,0,0,0,.5224.1748.816.816,0,0,0,.5088-.1748.8446.8446,0,0,0,.3076-.4414l1.9551-6.4961.75,1.5A.8037.8037,0,0,0,33.1426,30.1426Z\"><\/path><\/g><\/g><\/svg>\t\t\t\t<\/span>\n\t\t\t<\/div>\n\t\t\t\n\t\t\t\t\t\t<div class=\"elementor-icon-box-content\">\n\n\t\t\t\t\t\t\t\t\t<h4 class=\"elementor-icon-box-title\">\n\t\t\t\t\t\t<span  >\n\t\t\t\t\t\t\tWell-being experts\t\t\t\t\t\t<\/span>\n\t\t\t\t\t<\/h4>\n\t\t\t\t\n\t\t\t\t\t\t\t\t\t<p class=\"elementor-icon-box-description\">\n\t\t\t\t\t\tExpertise in supplementation to optimize your health. We offer customized solutions for your specific needs.\t\t\t\t\t<\/p>\n\t\t\t\t\n\t\t\t<\/div>\n\t\t\t\n\t\t<\/div>\n\t\t\t\t\t\t<\/div>\n\t\t\t\t<\/div>\n\t\t\t\t<div class=\"elementor-element elementor-element-4a048e7 elementor-view-default elementor-position-block-start elementor-mobile-position-block-start elementor-widget elementor-widget-icon-box\" data-id=\"4a048e7\" data-element_type=\"widget\" data-e-type=\"widget\" data-widget_type=\"icon-box.default\">\n\t\t\t\t<div class=\"elementor-widget-container\">\n\t\t\t\t\t\t\t<div class=\"elementor-icon-box-wrapper\">\n\n\t\t\t\t\t\t<div class=\"elementor-icon-box-icon\">\n\t\t\t\t<span  class=\"elementor-icon\">\n\t\t\t\t<svg xmlns=\"http:\/\/www.w3.org\/2000\/svg\" id=\"af71ef48-0535-486b-b60d-29d632b6362f\" data-name=\"Layer 1\" width=\"55\" height=\"55\" viewbox=\"0 0 55 55\"><circle id=\"b9517eb7-a852-40b3-9619-fd639384082f\" data-name=\"Oval\" cx=\"27.5\" cy=\"27.5\" r=\"27.5\" style=\"opacity:0.14662852883338928;isolation:isolate\"><\/circle><g id=\"ac3544ff-3198-4011-9345-685663db8faf\" data-name=\"dumbbell-solid\"><path id=\"acd275b8-395b-43bc-bf3e-6a04b4a62ec2\" data-name=\"Shape\" d=\"M13.3324,28.8556h2.71v4.4107a1.0053,1.0053,0,0,0,.9972,1.0179h1.9943a1.0053,1.0053,0,0,0,.9972-1.0179V21.7306a1.0053,1.0053,0,0,0-.9972-1.0178H17.04a1.0053,1.0053,0,0,0-.9972,1.0178v4.4107h-2.71A.3369.3369,0,0,0,13,26.4806v2.0357A.3368.3368,0,0,0,13.3324,28.8556Zm29.3352-2.7127h-2.71V21.7321a1.0053,1.0053,0,0,0-.9972-1.0178H36.9659a1.0053,1.0053,0,0,0-.9972,1.0178V33.2679a1.0053,1.0053,0,0,0,.9972,1.0178H38.96a1.0053,1.0053,0,0,0,.9972-1.0178V28.8571h2.71A.3368.3368,0,0,0,43,28.5179V26.4821A.3368.3368,0,0,0,42.6676,26.1429ZM33.642,18H31.6476a1.0052,1.0052,0,0,0-.9971,1.0179v7.125H25.3322v-7.125A1.0053,1.0053,0,0,0,24.335,18H22.3407a1.0053,1.0053,0,0,0-.9972,1.0179V35.9821A1.0053,1.0053,0,0,0,22.3407,37H24.335a1.0053,1.0053,0,0,0,.9972-1.0179v-7.125h5.3183v7.125A1.0052,1.0052,0,0,0,31.6476,37H33.642a1.0053,1.0053,0,0,0,.9972-1.0179V19.0179A1.0053,1.0053,0,0,0,33.642,18Z\"><\/path><\/g><\/svg>\t\t\t\t<\/span>\n\t\t\t<\/div>\n\t\t\t\n\t\t\t\t\t\t<div class=\"elementor-icon-box-content\">\n\n\t\t\t\t\t\t\t\t\t<h4 class=\"elementor-icon-box-title\">\n\t\t\t\t\t\t<span  >\n\t\t\t\t\t\t\tCommitment to Quality\t\t\t\t\t\t<\/span>\n\t\t\t\t\t<\/h4>\n\t\t\t\t\n\t\t\t\t\t\t\t\t\t<p class=\"elementor-icon-box-description\">\n\t\t\t\t\t\tWe carefully select suppliers and prioritize pure ingredients. At Nutrimax, the quality of our supplements is non-negotiable.\t\t\t\t\t<\/p>\n\t\t\t\t\n\t\t\t<\/div>\n\t\t\t\n\t\t<\/div>\n\t\t\t\t\t\t<\/div>\n\t\t\t\t<\/div>\n\t\t\t\t<\/div>\n\t\t\t\t<div class=\"elementor-element elementor-element-59dd036 elementor-align-center elementor-widget elementor-widget-button\" data-id=\"59dd036\" data-element_type=\"widget\" data-e-type=\"widget\" data-widget_type=\"button.default\">\n\t\t\t\t<div class=\"elementor-widget-container\">\n\t\t\t\t\t\t\t\t\t<div class=\"elementor-button-wrapper\">\n\t\t\t\t\t<a class=\"elementor-button elementor-button-link elementor-size-sm\" href=\"https:\/\/nutrimax.dev.loudzap.com\/en\/loja\/\">\n\t\t\t\t\t\t<span class=\"elementor-button-content-wrapper\">\n\t\t\t\t\t\t\t\t\t<span class=\"elementor-button-text\">All Products<\/span>\n\t\t\t\t\t<\/span>\n\t\t\t\t\t<\/a>\n\t\t\t\t<\/div>\n\t\t\t\t\t\t\t\t<\/div>\n\t\t\t\t<\/div>\n\t\t\t\t<div class=\"elementor-element elementor-element-ce57556 elementor-widget__width-auto elementor-absolute elementor-view-default elementor-widget elementor-widget-icon\" data-id=\"ce57556\" data-element_type=\"widget\" data-e-type=\"widget\" data-settings=\"{&quot;_position&quot;:&quot;absolute&quot;}\" data-widget_type=\"icon.default\">\n\t\t\t\t<div class=\"elementor-widget-container\">\n\t\t\t\t\t\t\t<div class=\"elementor-icon-wrapper\">\n\t\t\t<div class=\"elementor-icon\">\n\t\t\t<svg xmlns=\"http:\/\/www.w3.org\/2000\/svg\" id=\"bd9a937a-60f3-4c44-ad7c-dcb28e2de4ed\" data-name=\"Layer 1\" width=\"1216\" height=\"1216\" viewbox=\"0 0 1216 1216\"><g id=\"a8d78863-61ea-4b6b-9902-1eb669df0752\" data-name=\"Design\"><path id=\"bb8d365d-81e6-4e2d-abba-4e6b80f1088f\" data-name=\"Oval\" d=\"M608,0C272.2109,0,0,272.2109,0,608s272.2109,608,608,608,608-272.2109,608-608S943.7891,0,608,0Zm0,80c291.6063,0,528,236.3936,528,528s-236.3937,528-528,528S80,899.6063,80,608,316.3936,80,608,80Z\"><\/path><\/g><\/svg>\t\t\t<\/div>\n\t\t<\/div>\n\t\t\t\t\t\t<\/div>\n\t\t\t\t<\/div>\n\t\t\t\t\t<\/div>\n\t\t\t\t<\/div>\n\t\t\t\t<\/div>","protected":false},"excerpt":{"rendered":"<p>A sua sa\u00fade e vitalidade s\u00e3o a nossa prioridade. A Nutrimax nasceu da procura por suplementos alimentares verdadeiramente eficazes. Frustrados com produtos que prometiam muito e entregavam pouco, inici\u00e1mos um processo rigoroso de teste e sele\u00e7\u00e3o dos melhores suplementos dispon\u00edveis no mercado. N\u00e3o somos apenas mais uma loja online \u2013 somos uma comunidade dedicada \u00e0 [&hellip;]<\/p>\n","protected":false},"author":4,"featured_media":0,"parent":0,"menu_order":2,"comment_status":"closed","ping_status":"closed","template":"elementor_header_footer","meta":{"_seopress_robots_primary_cat":"","_seopress_titles_title":"","_seopress_titles_desc":"","_seopress_robots_index":"","footnotes":""},"class_list":["post-200","page","type-page","status-publish","hentry"],"_links":{"self":[{"href":"https:\/\/nutrimax.dev.loudzap.com\/en\/wp-json\/wp\/v2\/pages\/200","targetHints":{"allow":["GET"]}}],"collection":[{"href":"https:\/\/nutrimax.dev.loudzap.com\/en\/wp-json\/wp\/v2\/pages"}],"about":[{"href":"https:\/\/nutrimax.dev.loudzap.com\/en\/wp-json\/wp\/v2\/types\/page"}],"author":[{"embeddable":true,"href":"https:\/\/nutrimax.dev.loudzap.com\/en\/wp-json\/wp\/v2\/users\/4"}],"replies":[{"embeddable":true,"href":"https:\/\/nutrimax.dev.loudzap.com\/en\/wp-json\/wp\/v2\/comments?post=200"}],"version-history":[{"count":48,"href":"https:\/\/nutrimax.dev.loudzap.com\/en\/wp-json\/wp\/v2\/pages\/200\/revisions"}],"predecessor-version":[{"id":969,"href":"https:\/\/nutrimax.dev.loudzap.com\/en\/wp-json\/wp\/v2\/pages\/200\/revisions\/969"}],"wp:attachment":[{"href":"https:\/\/nutrimax.dev.loudzap.com\/en\/wp-json\/wp\/v2\/media?parent=200"}],"curies":[{"name":"wp","href":"https:\/\/api.w.org\/{rel}","templated":true}]}}